{"id":31,"date":"2020-10-26T18:09:25","date_gmt":"2020-10-26T18:09:25","guid":{"rendered":"https:\/\/502.maixit.net\/?page_id=31"},"modified":"2022-12-15T08:41:41","modified_gmt":"2022-12-15T08:41:41","slug":"kontakt","status":"publish","type":"page","link":"https:\/\/kuenstlerische-interventionen.de\/en\/kontakt\/","title":{"rendered":"Contact"},"content":{"rendered":"<p><strong>Get in touch with us!<\/strong><br \/>\nIf you have any questions or suggestions, please feel free to email us at: <a href=\"javascript:DeCryptX('2|2g3u3w3l0f0i2m3d0t2u0k3x1s1t3C3x3q2k2\/0h2k0l2f0e0s3k3h2k3p1\/0d1f')\">zertifikatskurs [at] uni-hildesheim [dot] de<\/a>.<\/p>\n<p><strong>Address<\/strong><br \/>\nInstitut f\u00fcr Kulturpolitik<br \/>\nUniversit\u00e4t Hildesheim<br \/>\nWei\u00dfes Haus<br \/>\nDom\u00e4nenstr. 1<br \/>\nKulturcampus Dom\u00e4ne Marienburg<br \/>\n31141 Hildesheim<\/p>\n<p><strong>Phone<\/strong><br \/>\n05121 \/ 883 20103<br \/>\n<\/p>","protected":false},"excerpt":{"rendered":"<p>Get in touch with us! If you have any questions or suggestions, please feel free to email us at: zertifikatskurs [at] uni-hildesheim [dot] de. Address Institut f\u00fcr Kulturpolitik Universit\u00e4t Hildesheim Wei\u00dfes Haus Dom\u00e4nenstr. 1 Kulturcampus Dom\u00e4ne Marienburg 31141 Hildesheim Phone 05121 \/ 883 20103<\/p>\n","protected":false},"author":1,"featured_media":0,"parent":0,"menu_order":0,"comment_status":"closed","ping_status":"closed","template":"","meta":{"footnotes":""},"_links":{"self":[{"href":"https:\/\/kuenstlerische-interventionen.de\/en\/wp-json\/wp\/v2\/pages\/31"}],"collection":[{"href":"https:\/\/kuenstlerische-interventionen.de\/en\/wp-json\/wp\/v2\/pages"}],"about":[{"href":"https:\/\/kuenstlerische-interventionen.de\/en\/wp-json\/wp\/v2\/types\/page"}],"author":[{"embeddable":true,"href":"https:\/\/kuenstlerische-interventionen.de\/en\/wp-json\/wp\/v2\/users\/1"}],"replies":[{"embeddable":true,"href":"https:\/\/kuenstlerische-interventionen.de\/en\/wp-json\/wp\/v2\/comments?post=31"}],"version-history":[{"count":11,"href":"https:\/\/kuenstlerische-interventionen.de\/en\/wp-json\/wp\/v2\/pages\/31\/revisions"}],"predecessor-version":[{"id":4510,"href":"https:\/\/kuenstlerische-interventionen.de\/en\/wp-json\/wp\/v2\/pages\/31\/revisions\/4510"}],"wp:attachment":[{"href":"https:\/\/kuenstlerische-interventionen.de\/en\/wp-json\/wp\/v2\/media?parent=31"}],"curies":[{"name":"wp","href":"https:\/\/api.w.org\/{rel}","templated":true}]}}