{"id":25,"date":"2020-10-26T18:08:08","date_gmt":"2020-10-26T18:08:08","guid":{"rendered":"https:\/\/502.maixit.net\/?page_id=25"},"modified":"2021-11-15T16:44:40","modified_gmt":"2021-11-15T16:44:40","slug":"impressum","status":"publish","type":"page","link":"https:\/\/kuenstlerische-interventionen.de\/en\/impressum\/","title":{"rendered":"Imprint"},"content":{"rendered":"<p><strong>Address and Contact <\/strong><br \/>\nProf. Dr. Birgit Mandel<\/p>\n<p><strong>Institut f\u00fcr Kulturpolitik<\/strong><br \/>\nUniversit\u00e4t Hildesheim<br \/>\nWei\u00dfes Haus<br \/>\nDom\u00e4nenstr. 1<br \/>\nKulturcampus Dom\u00e4ne Marienburg<br \/>\n31141 Hildesheim<\/p>\n<p>Tel. 05121 883 2010 3<br \/>\nE-mail: <a href=\"javascript:DeCryptX('1{3h2t0t2k2h2k3n1b3w1t2m2w1s2u3C1v1o3l2\/0h1j0l1e0e0s3k0e0i2o1\/2f0e')\">zertifikatskurs [at] uni-hildesheim [dot] de<\/a><br \/>\nHomepage photos: \u00a9 Victoria Tomaschko<\/p>\n<p><strong>Corporate Body<\/strong><br \/>\nThe University of Hildesheim Foundation is a legal foundation under public law. The foundation maintains and promotes the University of Hildesheim in its capacity as a corporation under public law and exercises legal supervision over it. The University of Hildesheim Foundation and the University of Hildesheim are represented by their President, Prof. Dr. Wolfgang-Uwe Friedrich.<br \/>\nSales tax identification number as per \u00a7 27a sales tax law: DE 239259506.<\/p>\n<p><strong>Other Provisions<\/strong><br \/>\nThis imprint applies to the information offered by the University of Hildesheim Foundation and the University of Hildesheim, which are directly linked with these pages. If authors are explicitly named on this page, the editorial responsibility lies with the respective bodies or persons. They can be contacted at the above address.<\/p>\n<p>Ownership and usage rights reserved. The rights of use and ownership rights of members of the university remain unaffected and remain with them even with publication here; they are also responsible for the content they publish.<\/p>\n<p>Usage information is available upon request from the <strong><a href=\"https:\/\/www.uni-hildesheim.de\/impressum\/presse\/\" target=\"_blank\" rel=\"noopener noreferrer\">Communication and Media Department<\/a><\/strong> of the University of Hildesheim.<\/p>","protected":false},"excerpt":{"rendered":"<p>Address and Contact Prof. Dr. Birgit Mandel Institut f\u00fcr Kulturpolitik Universit\u00e4t Hildesheim Wei\u00dfes Haus Dom\u00e4nenstr. 1 Kulturcampus Dom\u00e4ne Marienburg 31141 Hildesheim Tel. 05121 883 2010 3 E-mail: zertifikatskurs [at] uni-hildesheim [dot] de Homepage photos: \u00a9 Victoria Tomaschko Corporate Body The University of Hildesheim Foundation is a legal foundation under public law. The foundation maintains and [&hellip;]<\/p>\n","protected":false},"author":1,"featured_media":0,"parent":0,"menu_order":0,"comment_status":"closed","ping_status":"closed","template":"","meta":{"footnotes":""},"_links":{"self":[{"href":"https:\/\/kuenstlerische-interventionen.de\/en\/wp-json\/wp\/v2\/pages\/25"}],"collection":[{"href":"https:\/\/kuenstlerische-interventionen.de\/en\/wp-json\/wp\/v2\/pages"}],"about":[{"href":"https:\/\/kuenstlerische-interventionen.de\/en\/wp-json\/wp\/v2\/types\/page"}],"author":[{"embeddable":true,"href":"https:\/\/kuenstlerische-interventionen.de\/en\/wp-json\/wp\/v2\/users\/1"}],"replies":[{"embeddable":true,"href":"https:\/\/kuenstlerische-interventionen.de\/en\/wp-json\/wp\/v2\/comments?post=25"}],"version-history":[{"count":13,"href":"https:\/\/kuenstlerische-interventionen.de\/en\/wp-json\/wp\/v2\/pages\/25\/revisions"}],"predecessor-version":[{"id":2788,"href":"https:\/\/kuenstlerische-interventionen.de\/en\/wp-json\/wp\/v2\/pages\/25\/revisions\/2788"}],"wp:attachment":[{"href":"https:\/\/kuenstlerische-interventionen.de\/en\/wp-json\/wp\/v2\/media?parent=25"}],"curies":[{"name":"wp","href":"https:\/\/api.w.org\/{rel}","templated":true}]}}